{"id":4306,"date":"2021-05-22T00:26:19","date_gmt":"2021-05-22T00:26:19","guid":{"rendered":"https:\/\/www.turer.com.tr\/?page_id=4306"},"modified":"2021-05-29T17:13:14","modified_gmt":"2021-05-29T17:13:14","slug":"personal-data-protection-law","status":"publish","type":"page","link":"https:\/\/www.turer.com.tr\/en\/personal-data-protection-law\/","title":{"rendered":"PERSONAL DATA PROTECTION LAW"},"content":{"rendered":"<p><strong>PERSONAL DATA PROTECTION LAW<\/strong><\/p>\n<p>TURER BITKISEL A.S. has taken all necessary administrative and technical measures within its company to ensure<br \/>\nthe security of personal data in accordance with both the Personal Data Protection Law<br \/>\nDefinitions<br \/>\nThe Company, or, the Data Controller<br \/>\nThe Company means T\u00fcrer Bitkisel \u00dcretim Hayvanc\u0131l\u0131k \u0130n\u015faat Su \u00dcr\u00fcnleri Orman \u00dcr\u00fcnleri Tar\u0131m G\u0131da Sanayi ve<br \/>\nTicaret A.\u015e.<br \/>\nAddress: TEPEC\u0130K MAHALLES\u0130 AK\u00c7AKAYA K\u00dcMEEVLER NO:1 SEFER\u0130H\u0130SAR-\u0130ZM\u0130R<br \/>\nE-mail: kvkk@turer.com.tr<br \/>\nTel: 0 (232) 743 63 20<br \/>\n1.Principles for processing personal data<br \/>\nOur principles for processing personal data are:<br \/>\nFairness and lawfulness. When we process personal data, the individual rights of the Data Subjects must<br \/>\nbe protected. All personal data must be collected and processed in a legal and fair manner.<br \/>\nRestricted to a specific purpose. The personal data of Data Subject must be processed only for specific purposes.<br \/>\nTransparency. The Data Subject must be informed of how his\/her data is being collected, processed and used.<br \/>\n2.What personal data we collect and process.<br \/>\nT\u00fcrer collects several different types of personal data for various purposes. Personal Data may include, but is not<br \/>\nlimited to:<br \/>\nEmail address<br \/>\nFirst name and last name<br \/>\nPhone number<br \/>\nAddress, State, Province, ZIP\/Postal code, City<br \/>\n3. For what purposes we use the personal data<br \/>\nWe use the collected personal data for various purposes:<br \/>\nTo provide you with services<br \/>\nTo notify you about changes to our services and\/or products<br \/>\nTo provide customer support<br \/>\nTo gather analysis or valuable information so that we can improve our services<\/p>\n<p>To detect, prevent and address technical issues<br \/>\n4. Legal basis for collecting and processing personal data<br \/>\nWe have taken all necessary administrative and technical measures within our company to ensure the security of<br \/>\nthis informationin accordance with both the Personal Data Protection Law(Law No. 6698, &amp;quot;PDPL&amp;quot;). According to<br \/>\nthe provisions related to data processing laid down in both legislation, legal basis for collecting and using the<br \/>\npersonal data described in this Data Protection Policy depends on the personal data we collect and the specific<br \/>\ncontext in which we collect the information:<br \/>\nT\u00fcrer needs to perform a contract with you<br \/>\nYou have given us permission to do so<br \/>\nProcessing your personal data is in the scope of T\u00fcrer\u2019s legitimate interests<br \/>\nT\u00fcrer needs to comply with the law<br \/>\n5. Retention of personal data<br \/>\nWe will retain your personal information only for as long as is necessary for the purposes set out in this<br \/>\nData Protection Policy.<br \/>\nAnd more importantly, we will retain and use your information to the extent necessary to comply with our legal<br \/>\nobligations, resolve disputes, and enforce our policies.<\/p>\n","protected":false},"excerpt":{"rendered":"<p>PERSONAL DATA PROTECTION LAW TURER BITKISEL A.S. has taken all necessary administrative and technical measures within its company to ensure the security of personal data in accordance with both the Personal Data Protection Law Definitions The Company, or, the Data Controller The Company means T\u00fcrer Bitkisel \u00dcretim Hayvanc\u0131l\u0131k \u0130n\u015faat Su \u00dcr\u00fcnleri Orman \u00dcr\u00fcnleri Tar\u0131m G\u0131da [&hellip;]<\/p>\n","protected":false},"author":1,"featured_media":0,"parent":0,"menu_order":0,"comment_status":"closed","ping_status":"closed","template":"","meta":{"_monsterinsights_skip_tracking":false,"_monsterinsights_sitenote_active":false,"_monsterinsights_sitenote_note":"","_monsterinsights_sitenote_category":0,"footnotes":""},"class_list":["post-4306","page","type-page","status-publish","hentry"],"_links":{"self":[{"href":"https:\/\/www.turer.com.tr\/en\/wp-json\/wp\/v2\/pages\/4306","targetHints":{"allow":["GET"]}}],"collection":[{"href":"https:\/\/www.turer.com.tr\/en\/wp-json\/wp\/v2\/pages"}],"about":[{"href":"https:\/\/www.turer.com.tr\/en\/wp-json\/wp\/v2\/types\/page"}],"author":[{"embeddable":true,"href":"https:\/\/www.turer.com.tr\/en\/wp-json\/wp\/v2\/users\/1"}],"replies":[{"embeddable":true,"href":"https:\/\/www.turer.com.tr\/en\/wp-json\/wp\/v2\/comments?post=4306"}],"version-history":[{"count":3,"href":"https:\/\/www.turer.com.tr\/en\/wp-json\/wp\/v2\/pages\/4306\/revisions"}],"predecessor-version":[{"id":4797,"href":"https:\/\/www.turer.com.tr\/en\/wp-json\/wp\/v2\/pages\/4306\/revisions\/4797"}],"wp:attachment":[{"href":"https:\/\/www.turer.com.tr\/en\/wp-json\/wp\/v2\/media?parent=4306"}],"curies":[{"name":"wp","href":"https:\/\/api.w.org\/{rel}","templated":true}]}}